{"id":79,"date":"2016-12-30T02:23:50","date_gmt":"2016-12-29T17:23:50","guid":{"rendered":"http:\/\/makesview.kir.jp\/global_direction\/?page_id=79"},"modified":"2018-04-20T20:05:35","modified_gmt":"2018-04-20T11:05:35","slug":"%e3%81%8a%e5%95%8f%e3%81%84%e5%90%88%e3%82%8f%e3%81%9b","status":"publish","type":"page","link":"http:\/\/global-d.co.jp\/?page_id=79","title":{"rendered":"\u304a\u554f\u3044\u5408\u308f\u305b"},"content":{"rendered":"<h1>\u304a\u554f\u3044\u5408\u308f\u305b<span>CONTACT<\/span><\/h1>\n<div role=\"form\" class=\"wpcf7\" id=\"wpcf7-f78-o1\" lang=\"ja\" dir=\"ltr\">\n<div class=\"screen-reader-response\"><\/div>\n<form action=\"\/index.php?rest_route=%2Fwp%2Fv2%2Fpages%2F79#wpcf7-f78-o1\" method=\"post\" class=\"wpcf7-form\" novalidate=\"novalidate\">\n<div style=\"display: none;\">\n<input type=\"hidden\" name=\"_wpcf7\" value=\"78\" \/>\n<input type=\"hidden\" name=\"_wpcf7_version\" value=\"4.6\" \/>\n<input type=\"hidden\" name=\"_wpcf7_locale\" value=\"ja\" \/>\n<input type=\"hidden\" name=\"_wpcf7_unit_tag\" value=\"wpcf7-f78-o1\" \/>\n<input type=\"hidden\" name=\"_wpnonce\" value=\"94ef98738d\" \/>\n<\/div>\n<table class=\"table table-bordered table-striped table-contactform7\">\n<tr>\n<th><span class=\"required-contactform7\">\u5fc5\u9808<\/span><span class=\"title-contactform7\">\u304a\u540d\u524d<\/span><\/th>\n<td><span class=\"wpcf7-form-control-wrap your-name\"><input type=\"text\" name=\"your-name\" value=\"\" size=\"40\" class=\"wpcf7-form-control wpcf7-text wpcf7-validates-as-required\" aria-required=\"true\" aria-invalid=\"false\" placeholder=\"\u4f8b\uff1a\u5c71\u7530\u3000\u592a\u90ce\" \/><\/span> <\/td>\n<\/tr>\n<tr>\n<th><span class=\"required-contactform7\">\u5fc5\u9808<\/span><span class=\"title-contactform7\">\u30e1\u30fc\u30eb\u30a2\u30c9\u30ec\u30b9<\/span><\/th>\n<td><span class=\"wpcf7-form-control-wrap your-email\"><input type=\"email\" name=\"your-email\" value=\"\" size=\"40\" class=\"wpcf7-form-control wpcf7-text wpcf7-email wpcf7-validates-as-required wpcf7-validates-as-email\" aria-required=\"true\" aria-invalid=\"false\" placeholder=\"\u4f8b\uff1a\u00d7\u00d7\u00d7@\u00d7\u00d7\u00d7.com\" \/><\/span><\/td>\n<\/tr>\n<tr>\n<th><span class=\"required-contactform7\">\u5fc5\u9808<\/span><span class=\"title-contactform7\">\u90f5\u4fbf\u756a\u53f7<\/span><\/th>\n<td><span class=\"wpcf7-form-control-wrap zip\"><input type=\"text\" name=\"zip\" value=\"\" size=\"40\" class=\"wpcf7-form-control wpcf7-text wpcf7-validates-as-required\" id=\"zip\" aria-required=\"true\" aria-invalid=\"false\" placeholder=\"\u4f8b\uff1a103-0013\" \/><\/span> <\/td>\n<\/tr>\n<tr>\n<th><span class=\"required-contactform7\">\u5fc5\u9808<\/span><span class=\"title-contactform7\">\u90fd\u9053\u5e9c\u770c<\/span><\/th>\n<td><span class=\"wpcf7-form-control-wrap pref\"><input type=\"text\" name=\"pref\" value=\"\" size=\"40\" class=\"wpcf7-form-control wpcf7-text wpcf7-validates-as-required\" id=\"pref\" aria-required=\"true\" aria-invalid=\"false\" placeholder=\"\u4f8b\uff1a\u6771\u4eac\u90fd\" \/><\/span><\/td>\n<\/tr>\n<tr>\n<th><span class=\"required-contactform7\">\u5fc5\u9808<\/span><span class=\"title-contactform7\">\u3054\u4f4f\u6240<\/span><\/th>\n<td class=\"address-100\"><span class=\"wpcf7-form-control-wrap addr\"><input type=\"text\" name=\"addr\" value=\"\" size=\"40\" class=\"wpcf7-form-control wpcf7-text wpcf7-validates-as-required\" id=\"addr\" aria-required=\"true\" aria-invalid=\"false\" placeholder=\"\u4f8b\uff1a\u4e2d\u592e\u533a\u65e5\u672c\u6a4b\u4eba\u5f62\u753a3-8-2\u3000\u4eba\u5f62\u753a\u30df\u30cf\u30de\u30d3\u30eb\u30004F\" \/><\/span><\/td>\n<\/tr>\n<tr>\n<th><span class=\"required-contactform7\">\u5fc5\u9808<\/span><span class=\"title-contactform7\">\u304a\u96fb\u8a71\u756a\u53f7<\/span><\/th>\n<td><span class=\"wpcf7-form-control-wrap text-17\"><input type=\"text\" name=\"text-17\" value=\"\" size=\"40\" class=\"wpcf7-form-control wpcf7-text wpcf7-validates-as-required\" aria-required=\"true\" aria-invalid=\"false\" placeholder=\"\u4f8b\uff1a03-6661-2501\" \/><\/span><\/td>\n<\/tr>\n<tr>\n<th><span class=\"required-contactform7\">\u5fc5\u9808<\/span><span class=\"title-contactform7\">\u3054\u76f8\u8ac7\u30fb\u304a\u554f\u3044\u5408\u308f\u305b\u5185\u5bb9<\/span><\/th>\n<td class=\"message-100\"><span class=\"wpcf7-form-control-wrap your-message\"><textarea name=\"your-message\" cols=\"40\" rows=\"10\" class=\"wpcf7-form-control wpcf7-textarea wpcf7-validates-as-required\" aria-required=\"true\" aria-invalid=\"false\"><\/textarea><\/span><\/td>\n<\/tr>\n<\/table>\n<p class=\"text-xs-center\"><input type=\"submit\" value=\"\u9001\u4fe1\u3059\u308b\" class=\"wpcf7-form-control wpcf7-submit btn btn-success btn-lg\" \/><\/p>\n<div class=\"wpcf7-response-output wpcf7-display-none\"><\/div><\/form><\/div>\n","protected":false},"excerpt":{"rendered":"<p>\u304a\u554f\u3044\u5408\u308f\u305bCONTACT<\/p>\n","protected":false},"author":1,"featured_media":0,"parent":0,"menu_order":0,"comment_status":"open","ping_status":"open","template":"","meta":[],"_links":{"self":[{"href":"http:\/\/global-d.co.jp\/index.php?rest_route=\/wp\/v2\/pages\/79"}],"collection":[{"href":"http:\/\/global-d.co.jp\/index.php?rest_route=\/wp\/v2\/pages"}],"about":[{"href":"http:\/\/global-d.co.jp\/index.php?rest_route=\/wp\/v2\/types\/page"}],"author":[{"embeddable":true,"href":"http:\/\/global-d.co.jp\/index.php?rest_route=\/wp\/v2\/users\/1"}],"replies":[{"embeddable":true,"href":"http:\/\/global-d.co.jp\/index.php?rest_route=%2Fwp%2Fv2%2Fcomments&post=79"}],"version-history":[{"count":2,"href":"http:\/\/global-d.co.jp\/index.php?rest_route=\/wp\/v2\/pages\/79\/revisions"}],"predecessor-version":[{"id":283,"href":"http:\/\/global-d.co.jp\/index.php?rest_route=\/wp\/v2\/pages\/79\/revisions\/283"}],"wp:attachment":[{"href":"http:\/\/global-d.co.jp\/index.php?rest_route=%2Fwp%2Fv2%2Fmedia&parent=79"}],"curies":[{"name":"wp","href":"https:\/\/api.w.org\/{rel}","templated":true}]}}